{"id":14772,"date":"2024-01-09T11:30:01","date_gmt":"2024-01-09T11:30:01","guid":{"rendered":"https:\/\/byagathebesse.com\/?page_id=14772"},"modified":"2024-02-02T04:06:03","modified_gmt":"2024-02-02T04:06:03","slug":"legal-notice","status":"publish","type":"page","link":"https:\/\/byagathebesse.com\/en\/legal-notice\/","title":{"rendered":"Legal Notice"},"content":{"rendered":"\t\t<div data-elementor-type=\"wp-page\" data-elementor-id=\"14772\" class=\"elementor elementor-14772\">\n\t\t\t\t<div class=\"elementor-element elementor-element-72af89b e-flex e-con-boxed e-con e-parent\" data-id=\"72af89b\" data-element_type=\"container\">\n\t\t\t\t\t<div class=\"e-con-inner\">\n\t\t<div class=\"elementor-element elementor-element-2a8f51f e-con-full e-flex e-con e-child\" data-id=\"2a8f51f\" data-element_type=\"container\">\n\t\t\t\t<div class=\"elementor-element elementor-element-d1315d1 elementor-widget elementor-widget-image\" data-id=\"d1315d1\" data-element_type=\"widget\" data-widget_type=\"image.default\">\n\t\t\t\t<div class=\"elementor-widget-container\">\n\t\t\t\t\t\t\t\t\t\t\t\t\t<img decoding=\"async\" width=\"80\" height=\"51\" src=\"https:\/\/byagathebesse.com\/wp-content\/uploads\/2024\/01\/Asset-3.svg\" class=\"attachment-large size-large wp-image-15410\" alt=\"\" \/>\t\t\t\t\t\t\t\t\t\t\t\t\t<\/div>\n\t\t\t\t<\/div>\n\t\t\t\t<div class=\"elementor-element elementor-element-96f6a4d elementor-widget elementor-widget-heading\" data-id=\"96f6a4d\" data-element_type=\"widget\" data-widget_type=\"heading.default\">\n\t\t\t\t<div class=\"elementor-widget-container\">\n\t\t\t<h2 class=\"elementor-heading-title elementor-size-default\">Mentions l\u00e9gales<\/h2>\t\t<\/div>\n\t\t\t\t<\/div>\n\t\t\t\t<\/div>\n\t\t\t\t\t<\/div>\n\t\t\t\t<\/div>\n\t\t<div class=\"elementor-element elementor-element-e3b05b0 e-flex e-con-boxed e-con e-parent\" data-id=\"e3b05b0\" data-element_type=\"container\">\n\t\t\t\t\t<div class=\"e-con-inner\">\n\t\t\t\t<div class=\"elementor-element elementor-element-9a501be elementor-widget elementor-widget-text-editor\" data-id=\"9a501be\" data-element_type=\"widget\" data-widget_type=\"text-editor.default\">\n\t\t\t\t<div class=\"elementor-widget-container\">\n\t\t\t\t\t\t\t<p><strong>AVIS L\u00c9GAL<\/strong><\/p><p>En vertu de l&#8217;article 6 de la Loi n\u00b0 2004-575 du 21 juin 2004 pour la confiance dans l&#8217;\u00e9conomie num\u00e9rique, il est pr\u00e9cis\u00e9 aux utilisateurs du site [Nom du site] l&#8217;identit\u00e9 des diff\u00e9rents intervenants dans le cadre de sa r\u00e9alisation et de son suivi :<\/p><p><strong>\u00c9diteur du site :<\/strong><\/p><p>[Votre nom \/ Raison sociale] [Votre adresse] [Code postal, Ville] [T\u00e9l\u00e9phone] [Adresse e-mail] [SIRET]<\/p><p><strong>Responsable de la publication :<\/strong><\/p><p>[Pr\u00e9nom et Nom] [Adresse e-mail]<\/p><p><strong>H\u00e9bergeur :<\/strong><\/p><p>[Nom de l&#8217;h\u00e9bergeur] [Adresse de l&#8217;h\u00e9bergeur] [Code postal, Ville]<\/p><p><strong>Conception et r\u00e9alisation :<\/strong><\/p><p>[Nom de l&#8217;agence ou du d\u00e9veloppeur] [Adresse de l&#8217;agence ou du d\u00e9veloppeur] [Code postal, Ville] [T\u00e9l\u00e9phone] [Adresse e-mail]<\/p><p><strong>Conditions d&#8217;utilisation :<\/strong><\/p><p>L&#8217;utilisation du site [Nom du site] implique l&#8217;acceptation pleine et enti\u00e8re des conditions g\u00e9n\u00e9rales d&#8217;utilisation ci-apr\u00e8s d\u00e9crites. Ces conditions d&#8217;utilisation sont susceptibles d&#8217;\u00eatre modifi\u00e9es ou compl\u00e9t\u00e9es \u00e0 tout moment, les utilisateurs du site [Nom du site] sont donc invit\u00e9s \u00e0 les consulter de mani\u00e8re r\u00e9guli\u00e8re.<\/p><p><strong>Limitations contractuelles sur les donn\u00e9es :<\/strong><\/p><p>Les informations contenues sur ce site sont aussi pr\u00e9cises que possible et le site est r\u00e9guli\u00e8rement mis \u00e0 jour, mais peut toutefois contenir des inexactitudes ou des omissions. Si vous constatez une lacune, erreur ou ce qui para\u00eet \u00eatre un dysfonctionnement, merci de bien vouloir le signaler par e-mail en d\u00e9crivant le probl\u00e8me de la mani\u00e8re la plus pr\u00e9cise possible (page posant probl\u00e8me, type d&#8217;ordinateur et de navigateur utilis\u00e9, etc.).<\/p><p><strong>Droit d&#8217;auteur et propri\u00e9t\u00e9 intellectuelle :<\/strong><\/p><p>Le contenu de ce site, incluant, mais sans s&#8217;y limiter, les images, textes, graphismes, logos, et ic\u00f4nes, est la propri\u00e9t\u00e9 exclusive de [Votre nom \/ Raison sociale], \u00e0 l&#8217;exception des marques, logos ou contenus appartenant \u00e0 d&#8217;autres soci\u00e9t\u00e9s partenaires ou auteurs.<\/p><p>Toute reproduction, distribution, modification, adaptation, retransmission ou publication, m\u00eame partielle, de ces diff\u00e9rents \u00e9l\u00e9ments est strictement interdite sans l&#8217;accord expr\u00e8s par \u00e9crit de [Votre nom \/ Raison sociale]. Cette repr\u00e9sentation ou reproduction, par quelque proc\u00e9d\u00e9 que ce soit, constitue une contrefa\u00e7on sanctionn\u00e9e par les articles L.335-2 et suivants du Code de la propri\u00e9t\u00e9 intellectuelle.<\/p><p><strong>Liens hypertextes et cookies :<\/strong><\/p><p>Le site [Nom du site] contient un certain nombre de liens hypertextes vers d&#8217;autres sites, mis en place avec l&#8217;autorisation de [Votre nom \/ Raison sociale]. Cependant, [Votre nom \/ Raison sociale] n&#8217;a pas la possibilit\u00e9 de v\u00e9rifier le contenu des sites ainsi visit\u00e9s et d\u00e9cline donc toute responsabilit\u00e9 de ce fait quant aux risques \u00e9ventuels de contenus illicites.<\/p><p>La navigation sur le site [Nom du site] est susceptible de provoquer l&#8217;installation de cookie(s) sur l&#8217;ordinateur de l&#8217;utilisateur. Un cookie est un fichier de petite taille qui ne permet pas l&#8217;identification de l&#8217;utilisateur, mais qui enregistre des informations relatives \u00e0 la navigation d&#8217;un ordinateur sur un site. Les donn\u00e9es ainsi obtenues visent \u00e0 faciliter la navigation ult\u00e9rieure sur le site, et ont \u00e9galement vocation \u00e0 permettre diverses mesures de fr\u00e9quentation.<\/p><p><strong>Litiges :<\/strong><\/p><p>Les pr\u00e9sentes conditions d&#8217;utilisation du site [Nom du site] sont r\u00e9gies par les lois fran\u00e7aises et toute contestation ou litige qui pourrait na\u00eetre de l&#8217;interpr\u00e9tation ou de l&#8217;ex\u00e9cution de celles-ci sera de la comp\u00e9tence exclusive des tribunaux dont d\u00e9pend le si\u00e8ge social de [Votre nom \/ Raison sociale]. La langue de r\u00e9f\u00e9rence, pour le r\u00e8glement de contentieux \u00e9ventuels, est le fran\u00e7ais.<\/p><p><strong>Coordonn\u00e9es :<\/strong><\/p><p>Pour toute question ou information concernant le site, ou si vous souhaitez signaler un contenu litigieux, vous pouvez nous contacter \u00e0 l&#8217;adresse suivante : [Adresse e-mail].<\/p><p><em>Date de derni\u00e8re mise \u00e0 jour : [Date]<\/em><\/p>\t\t\t\t\t\t<\/div>\n\t\t\t\t<\/div>\n\t\t\t\t\t<\/div>\n\t\t\t\t<\/div>\n\t\t\t\t<\/div>\n\t\t","protected":false},"excerpt":{"rendered":"<p>Mentions l\u00e9gales AVIS L\u00c9GAL En vertu de l&#8217;article 6 de la Loi n\u00b0 2004-575 du 21 juin 2004 pour la confiance dans l&#8217;\u00e9conomie num\u00e9rique, il est pr\u00e9cis\u00e9 aux utilisateurs du site [Nom du site] l&#8217;identit\u00e9 des diff\u00e9rents intervenants dans le cadre de sa r\u00e9alisation et de son suivi : \u00c9diteur du site : [Votre nom [&hellip;]<\/p>\n","protected":false},"author":1,"featured_media":0,"parent":0,"menu_order":0,"comment_status":"closed","ping_status":"closed","template":"elementor_header_footer","meta":{"footnotes":""},"class_list":["post-14772","page","type-page","status-publish","hentry"],"_links":{"self":[{"href":"https:\/\/byagathebesse.com\/en\/wp-json\/wp\/v2\/pages\/14772","targetHints":{"allow":["GET"]}}],"collection":[{"href":"https:\/\/byagathebesse.com\/en\/wp-json\/wp\/v2\/pages"}],"about":[{"href":"https:\/\/byagathebesse.com\/en\/wp-json\/wp\/v2\/types\/page"}],"author":[{"embeddable":true,"href":"https:\/\/byagathebesse.com\/en\/wp-json\/wp\/v2\/users\/1"}],"replies":[{"embeddable":true,"href":"https:\/\/byagathebesse.com\/en\/wp-json\/wp\/v2\/comments?post=14772"}],"version-history":[{"count":0,"href":"https:\/\/byagathebesse.com\/en\/wp-json\/wp\/v2\/pages\/14772\/revisions"}],"wp:attachment":[{"href":"https:\/\/byagathebesse.com\/en\/wp-json\/wp\/v2\/media?parent=14772"}],"curies":[{"name":"wp","href":"https:\/\/api.w.org\/{rel}","templated":true}]}}