{"id":17635,"date":"2024-09-13T07:55:20","date_gmt":"2024-09-13T07:55:20","guid":{"rendered":"https:\/\/byagathebesse.com\/?page_id=17635"},"modified":"2024-11-19T19:12:59","modified_gmt":"2024-11-19T19:12:59","slug":"cgv","status":"publish","type":"page","link":"https:\/\/byagathebesse.com\/en\/cgv\/","title":{"rendered":"CGV"},"content":{"rendered":"<div data-elementor-type=\"wp-page\" data-elementor-id=\"17635\" class=\"elementor elementor-17635\">\n\t\t\t\t\t\t<section class=\"elementor-section elementor-top-section elementor-element elementor-element-1138c7c elementor-section-boxed elementor-section-height-default elementor-section-height-default\" data-id=\"1138c7c\" data-element_type=\"section\">\r\n\t\t\t\t\t\t<div class=\"elementor-container elementor-column-gap-default jws_section_\" >\r\n\t\t\t\t<div class=\"elementor-column elementor-col-100 elementor-top-column elementor-element elementor-element-181bf97\" data-id=\"181bf97\" data-element_type=\"column\">\n\t\t\t<div class=\"elementor-widget-wrap elementor-element-populated\">\n\t\t\t\t\t\t<div class=\"elementor-element elementor-element-c5cc899 elementor-widget elementor-widget-image\" data-id=\"c5cc899\" data-element_type=\"widget\" data-widget_type=\"image.default\">\n\t\t\t\t<div class=\"elementor-widget-container\">\n\t\t\t\t\t\t\t\t\t\t\t\t\t<img decoding=\"async\" width=\"80\" height=\"51\" src=\"https:\/\/byagathebesse.com\/wp-content\/uploads\/2024\/01\/Asset-3.svg\" class=\"attachment-large size-large wp-image-15410\" alt=\"\" \/>\t\t\t\t\t\t\t\t\t\t\t\t\t<\/div>\n\t\t\t\t<\/div>\n\t\t\t\t<div class=\"elementor-element elementor-element-babc96c elementor-widget elementor-widget-heading\" data-id=\"babc96c\" data-element_type=\"widget\" data-widget_type=\"heading.default\">\n\t\t\t\t<div class=\"elementor-widget-container\">\n\t\t\t<h2 class=\"elementor-heading-title elementor-size-default\">Condition g\u00e9n\u00e9rale de vente<\/h2>\t\t<\/div>\n\t\t\t\t<\/div>\n\t\t\t\t\t<\/div>\n\t\t<\/div>\n\t\t\t\t      \r\n            \r\n              \r\n            \r\n            \t\r\n\t\t\t<\/div>\r\n\t\t<\/section>\r\n\t\t<div class=\"elementor-element elementor-element-e3b05b0 e-flex e-con-boxed e-con e-parent\" data-id=\"e3b05b0\" data-element_type=\"container\">\n\t\t\t\t\t<div class=\"e-con-inner\">\n\t\t\t\t<div class=\"elementor-element elementor-element-9a501be elementor-widget elementor-widget-text-editor\" data-id=\"9a501be\" data-element_type=\"widget\" data-widget_type=\"text-editor.default\">\n\t\t\t\t<div class=\"elementor-widget-container\">\n\t\t\t\t\t\t\t<p><b>NOTRE ENGAGEMENT<\/b><\/p><p><span style=\"font-weight: 400;\">By Agathe Besse s\u2019engage \u00e0 fournir des produits de grande qualit\u00e9. Cependant, si vous n\u2019\u00eates pas enti\u00e8rement satisfait de votre achat, By Agathe Besse vous l\u2019\u00e9changera ou vous le remboursera.<\/span><\/p><p><span style=\"font-weight: 400;\">Si vous souhaitez \u00e9changer un article ou demander un remboursement, les frais de retour seront \u00e0 votre charge. Cependant, dans le cas d\u2019un \u00e9change, nous vous offrons la livraison sur votre nouvelle commande.<\/span><\/p><p><span style=\"font-weight: 400;\">\u00a0<\/span><\/p><p><b>COMMENT OBTENIR UN REMBOURSEMENT ?<\/b><\/p><p><span style=\"font-weight: 400;\">Les articles achet\u00e9s doivent nous \u00eatre renvoy\u00e9s dans un d\u00e9lai maximum de 15 jours \u00e0 compter de la r\u00e9ception de la marchandise. Veuillez nous en informer par email \u00e0 contact@byagathebesse.com en indiquant votre num\u00e9ro d\u2019achat et votre souhait d\u2019\u00e9changer ou d\u2019\u00eatre rembours\u00e9.<\/span><\/p><p><span style=\"font-weight: 400;\">En cas de remboursement, vous serez cr\u00e9dit\u00e9 selon le mode de paiement utilis\u00e9 \u00e0 l\u2019origine. Veuillez noter que les remboursements peuvent prendre jusqu\u2019\u00e0 15 jours \u00e0 compter de la r\u00e9ception de votre retour. By Agathe Besse se r\u00e9serve le droit de d\u00e9duire tous frais bancaires et commissions suppl\u00e9mentaires li\u00e9s au mode de paiement.<\/span><\/p><p><span style=\"font-weight: 400;\">Les bijoux retourn\u00e9s doivent arriver non port\u00e9s, en parfait \u00e9tat et dans leur emballage d\u2019origine By Agathe Besse. Les articles endommag\u00e9s ou incomplets ne font pas l\u2019objet d\u2019un \u00e9change ou d\u2019un remboursement et vous seront retourn\u00e9s tels quels, \u00e0 vos frais. Les articles sold\u00e9s, les articles promotionnels et les bijoux personnalis\u00e9s\/grav\u00e9s\/redimensionn\u00e9s ne peuvent \u00eatre ni \u00e9chang\u00e9s ni rembours\u00e9s.<\/span><\/p><p><span style=\"font-weight: 400;\">\u00a0<\/span><\/p><p><b>QUE DOIS-JE FAIRE ?<\/b><\/p><p><span style=\"font-weight: 400;\">Assurez-vous d\u2019inclure vos coordonn\u00e9es compl\u00e8tes avec votre retour, y compris votre nom, votre adresse, votre num\u00e9ro de t\u00e9l\u00e9phone, votre adresse e-mail et votre num\u00e9ro d\u2019achat byagathebesse.com.<\/span><\/p><p><span style=\"font-weight: 400;\">Votre retour sera trait\u00e9 rapidement \u00e0 son arriv\u00e9e. Le d\u00e9lai de traitement des retours est g\u00e9n\u00e9ralement de 15 jours ouvrables \u00e0 compter de la r\u00e9ception du retour. Un e-mail vous sera envoy\u00e9 pour confirmer la r\u00e9ception et le traitement de votre retour. Les frais de retour ne sont pas remboursables.<\/span><\/p><p><span style=\"font-weight: 400;\">Tous les retours doivent \u00eatre adress\u00e9s \u00e0 :<\/span><\/p><p><span style=\"font-weight: 400;\">\u00a0<\/span><\/p><p><span style=\"font-weight: 400;\">Shop \u201cBy Agathe Besse \u201c<\/span><\/p><p><span style=\"font-weight: 400;\">La Croisette<\/span><\/p><p><span style=\"font-weight: 400;\">Fashion Galery<\/span><\/p><p><span style=\"font-weight: 400;\">Grand-Baie 30517<\/span><\/p><p><span style=\"font-weight: 400;\">Ile Maurice<\/span><\/p><p><span style=\"font-weight: 400;\">\u00a0<\/span><\/p><p><b>CONDITIONS DE REMBOURSEMENT<\/b><\/p><p><span style=\"font-weight: 400;\">Veuillez noter que les retours ou les \u00e9changes pour les achats effectu\u00e9s sur byagathebesse.com ne seront accept\u00e9s pour retour ou \u00e9change dans aucun point de vente o\u00f9 By Agathe Besse est vendu.<\/span><\/p><p><span style=\"font-weight: 400;\">Les retours ou les \u00e9changes pour les achats effectu\u00e9s dans tout autre point de vente ne peuvent pas \u00eatre retourn\u00e9s via byagathebesse.com. Les articles non achet\u00e9s via byagathebesse.com doivent \u00eatre retourn\u00e9s \u00e0 leur lieu d\u2019achat.<\/span><\/p>\t\t\t\t\t\t<\/div>\n\t\t\t\t<\/div>\n\t\t\t\t\t<\/div>\n\t\t\t\t<\/div>\n\t\t\t\t<\/div>","protected":false},"excerpt":{"rendered":"<p>Condition g\u00e9n\u00e9rale de vente NOTRE ENGAGEMENT By Agathe Besse s\u2019engage \u00e0 fournir des produits de grande qualit\u00e9. Cependant, si vous n\u2019\u00eates pas enti\u00e8rement satisfait de votre achat, By Agathe Besse vous l\u2019\u00e9changera ou vous le remboursera. Si vous souhaitez \u00e9changer un article ou demander un remboursement, les frais de retour seront \u00e0 votre charge. Cependant, [&hellip;]<\/p>\n","protected":false},"author":1,"featured_media":0,"parent":0,"menu_order":0,"comment_status":"closed","ping_status":"closed","template":"elementor_header_footer","meta":{"footnotes":""},"class_list":["post-17635","page","type-page","status-publish","hentry"],"_links":{"self":[{"href":"https:\/\/byagathebesse.com\/en\/wp-json\/wp\/v2\/pages\/17635","targetHints":{"allow":["GET"]}}],"collection":[{"href":"https:\/\/byagathebesse.com\/en\/wp-json\/wp\/v2\/pages"}],"about":[{"href":"https:\/\/byagathebesse.com\/en\/wp-json\/wp\/v2\/types\/page"}],"author":[{"embeddable":true,"href":"https:\/\/byagathebesse.com\/en\/wp-json\/wp\/v2\/users\/1"}],"replies":[{"embeddable":true,"href":"https:\/\/byagathebesse.com\/en\/wp-json\/wp\/v2\/comments?post=17635"}],"version-history":[{"count":3,"href":"https:\/\/byagathebesse.com\/en\/wp-json\/wp\/v2\/pages\/17635\/revisions"}],"predecessor-version":[{"id":21699,"href":"https:\/\/byagathebesse.com\/en\/wp-json\/wp\/v2\/pages\/17635\/revisions\/21699"}],"wp:attachment":[{"href":"https:\/\/byagathebesse.com\/en\/wp-json\/wp\/v2\/media?parent=17635"}],"curies":[{"name":"wp","href":"https:\/\/api.w.org\/{rel}","templated":true}]}}