{"id":3,"date":"2024-02-19T13:01:55","date_gmt":"2024-02-19T13:01:55","guid":{"rendered":"https:\/\/byagathebesse.com\/?page_id=3"},"modified":"2024-11-20T08:42:00","modified_gmt":"2024-11-20T08:42:00","slug":"privacy-policy","status":"publish","type":"page","link":"https:\/\/byagathebesse.com\/en\/privacy-policy\/","title":{"rendered":"Privacy Policy"},"content":{"rendered":"\t\t<div data-elementor-type=\"wp-page\" data-elementor-id=\"3\" class=\"elementor elementor-3\">\n\t\t\t\t\t\t<section class=\"elementor-section elementor-top-section elementor-element elementor-element-5920a17 elementor-section-boxed elementor-section-height-default elementor-section-height-default\" data-id=\"5920a17\" data-element_type=\"section\">\r\n\t\t\t\t\t\t<div class=\"elementor-container elementor-column-gap-default jws_section_\" >\r\n\t\t\t\t<div class=\"elementor-column elementor-col-100 elementor-top-column elementor-element elementor-element-76209d0\" data-id=\"76209d0\" data-element_type=\"column\">\n\t\t\t<div class=\"elementor-widget-wrap elementor-element-populated\">\n\t\t\t\t\t\t<div class=\"elementor-element elementor-element-252ed81 elementor-widget elementor-widget-image\" data-id=\"252ed81\" data-element_type=\"widget\" data-widget_type=\"image.default\">\n\t\t\t\t<div class=\"elementor-widget-container\">\n\t\t\t\t\t\t\t\t\t\t\t\t\t<img decoding=\"async\" width=\"80\" height=\"51\" src=\"https:\/\/byagathebesse.com\/wp-content\/uploads\/2024\/01\/Asset-3.svg\" class=\"attachment-large size-large wp-image-15410\" alt=\"\" \/>\t\t\t\t\t\t\t\t\t\t\t\t\t<\/div>\n\t\t\t\t<\/div>\n\t\t\t\t<div class=\"elementor-element elementor-element-67b3886 elementor-widget elementor-widget-heading\" data-id=\"67b3886\" data-element_type=\"widget\" data-widget_type=\"heading.default\">\n\t\t\t\t<div class=\"elementor-widget-container\">\n\t\t\t<h2 class=\"elementor-heading-title elementor-size-default\">Politique de Confidentialit\u00e9\n<\/h2>\t\t<\/div>\n\t\t\t\t<\/div>\n\t\t\t\t\t<\/div>\n\t\t<\/div>\n\t\t\t\t      \r\n            \r\n              \r\n            \r\n            \t\r\n\t\t\t<\/div>\r\n\t\t<\/section>\r\n\t\t<div class=\"elementor-element elementor-element-5cc4847c e-flex e-con-boxed e-con e-parent\" data-id=\"5cc4847c\" data-element_type=\"container\">\n\t\t\t\t\t<div class=\"e-con-inner\">\n\t\t\t\t<div class=\"elementor-element elementor-element-2dc07e1a elementor-widget elementor-widget-text-editor\" data-id=\"2dc07e1a\" data-element_type=\"widget\" data-widget_type=\"text-editor.default\">\n\t\t\t\t<div class=\"elementor-widget-container\">\n\t\t\t\t\t\t\t<p>Derni\u00e8re mise \u00e0 jour : 20 November 2024<\/p><p>Chez By Agathe Besse, nous accordons une grande importance \u00e0 la protection de vos donn\u00e9es personnelles. Cette politique de confidentialit\u00e9 a pour but de vous informer sur la mani\u00e8re dont nous collectons, utilisons et prot\u00e9geons vos donn\u00e9es lorsque vous visitez notre site web https:\/\/byagathebesse.com.<\/p><p><strong>1. Responsable du traitement<\/strong><br \/>Le responsable du traitement des donn\u00e9es personnelles collect\u00e9es sur ce site est :<br \/>By Agathe Besse<br \/>Email :\u00a0<span style=\"text-align: center; color: var(--body);\">contact@byagathebesse.com<\/span><\/p><p><span style=\"text-align: var(--text-align); color: var(--body);\">\u00a0<\/span><\/p><p><strong><span style=\"text-align: var(--text-align); color: var(--body);\">2. Donn\u00e9es collect\u00e9es<\/span><\/strong><\/p><p>Nous collectons certaines informations lorsque vous utilisez notre site, notamment :<\/p><p>Donn\u00e9es fournies volontairement : nom, pr\u00e9nom, adresse e-mail, num\u00e9ro de t\u00e9l\u00e9phone, ou toute autre information que vous nous communiquez via les formulaires de contact ou d&#8217;inscription.<br \/>Donn\u00e9es collect\u00e9es automatiquement : adresse IP, type de navigateur, pages visit\u00e9es, dur\u00e9e de la visite, et autres donn\u00e9es techniques.<\/p><p><strong>3. Utilisation des donn\u00e9es<\/strong><br \/>Les donn\u00e9es collect\u00e9es sont utilis\u00e9es pour :<\/p><p>R\u00e9pondre \u00e0 vos demandes via notre formulaire de contact.<br \/>Am\u00e9liorer l\u2019exp\u00e9rience utilisateur sur le site.<br \/>Vous envoyer des informations ou des promotions, si vous y avez consenti.<br \/>Analyser les performances et l\u2019utilisation du site via des outils d\u2019analyse (ex. : Google Analytics).<\/p><p><strong>4. Partage des donn\u00e9es<\/strong><br \/>Vos donn\u00e9es personnelles ne sont pas partag\u00e9es avec des tiers, sauf si cela est n\u00e9cessaire pour :<\/p><p>Respecter des obligations l\u00e9gales.<br \/>Fournir les services que vous avez demand\u00e9s (ex. : h\u00e9bergement du site, outils tiers).<\/p><p><strong>5. Conservation des donn\u00e9es<\/strong><br \/>Vos donn\u00e9es personnelles sont conserv\u00e9es uniquement pendant la dur\u00e9e n\u00e9cessaire aux finalit\u00e9s mentionn\u00e9es ci-dessus, ou conform\u00e9ment aux exigences l\u00e9gales.<\/p><p><strong>6. Cookies<\/strong><br \/>Notre site utilise des cookies pour am\u00e9liorer votre navigation.<\/p><p>Cookies essentiels : n\u00e9cessaires pour le fonctionnement du site.<br \/>Cookies analytiques : pour collecter des donn\u00e9es statistiques sur l&#8217;utilisation du site.<br \/>Vous pouvez g\u00e9rer vos pr\u00e9f\u00e9rences en mati\u00e8re de cookies via les param\u00e8tres de votre navigateur.<\/p><p><strong>7. Vos droits<\/strong><br \/>Conform\u00e9ment au R\u00e8glement G\u00e9n\u00e9ral sur la Protection des Donn\u00e9es (RGPD), vous disposez des droits suivants :<\/p><p>Droit d&#8217;acc\u00e8s, de rectification ou d&#8217;effacement de vos donn\u00e9es.<br \/>Droit \u00e0 la limitation du traitement.<br \/>Droit \u00e0 la portabilit\u00e9 de vos donn\u00e9es.<br \/>Droit d\u2019opposition au traitement de vos donn\u00e9es.<br \/>Droit de retirer votre consentement \u00e0 tout moment.<br \/>Pour exercer ces droits, veuillez nous contacter \u00e0 : [votre email].<\/p><p><strong>8. S\u00e9curit\u00e9<\/strong><br \/>Nous mettons en \u0153uvre des mesures techniques et organisationnelles appropri\u00e9es pour prot\u00e9ger vos donn\u00e9es personnelles contre tout acc\u00e8s non autoris\u00e9, perte, ou destruction.<\/p><p><strong>9. Modifications de la politique de confidentialit\u00e9<\/strong><br \/>Cette politique de confidentialit\u00e9 peut \u00eatre mise \u00e0 jour \u00e0 tout moment. Nous vous encourageons \u00e0 consulter cette page r\u00e9guli\u00e8rement pour rester inform\u00e9(e) des \u00e9ventuelles modifications.<\/p><p><!-- \/wp:paragraph --><\/p>\t\t\t\t\t\t<\/div>\n\t\t\t\t<\/div>\n\t\t\t\t\t<\/div>\n\t\t\t\t<\/div>\n\t\t\t\t<\/div>\n\t\t","protected":false},"excerpt":{"rendered":"<p>Politique de Confidentialit\u00e9 Derni\u00e8re mise \u00e0 jour : 20 November 2024 Chez By Agathe Besse, nous accordons une grande importance \u00e0 la protection de vos donn\u00e9es personnelles. Cette politique de confidentialit\u00e9 a pour but de vous informer sur la mani\u00e8re dont nous collectons, utilisons et prot\u00e9geons vos donn\u00e9es lorsque vous visitez notre site web https:\/\/byagathebesse.com. [&hellip;]<\/p>\n","protected":false},"author":1,"featured_media":0,"parent":0,"menu_order":0,"comment_status":"closed","ping_status":"closed","template":"elementor_header_footer","meta":{"footnotes":""},"class_list":["post-3","page","type-page","status-publish","hentry"],"_links":{"self":[{"href":"https:\/\/byagathebesse.com\/en\/wp-json\/wp\/v2\/pages\/3","targetHints":{"allow":["GET"]}}],"collection":[{"href":"https:\/\/byagathebesse.com\/en\/wp-json\/wp\/v2\/pages"}],"about":[{"href":"https:\/\/byagathebesse.com\/en\/wp-json\/wp\/v2\/types\/page"}],"author":[{"embeddable":true,"href":"https:\/\/byagathebesse.com\/en\/wp-json\/wp\/v2\/users\/1"}],"replies":[{"embeddable":true,"href":"https:\/\/byagathebesse.com\/en\/wp-json\/wp\/v2\/comments?post=3"}],"version-history":[{"count":16,"href":"https:\/\/byagathebesse.com\/en\/wp-json\/wp\/v2\/pages\/3\/revisions"}],"predecessor-version":[{"id":21919,"href":"https:\/\/byagathebesse.com\/en\/wp-json\/wp\/v2\/pages\/3\/revisions\/21919"}],"wp:attachment":[{"href":"https:\/\/byagathebesse.com\/en\/wp-json\/wp\/v2\/media?parent=3"}],"curies":[{"name":"wp","href":"https:\/\/api.w.org\/{rel}","templated":true}]}}