{"id":20504,"date":"2024-10-22T11:36:37","date_gmt":"2024-10-22T11:36:37","guid":{"rendered":"https:\/\/byagathebesse.com\/?post_type=product&#038;p=20504"},"modified":"2024-11-25T10:43:05","modified_gmt":"2024-11-25T10:43:05","slug":"boucles-joanne","status":"publish","type":"product","link":"https:\/\/byagathebesse.com\/en\/product\/boucles-joanne\/","title":{"rendered":"BOUCLES JOANNE"},"content":{"rendered":"<p>Ces boucles cr\u00e9oles dor\u00e9es \u00e0 l&#8217;or fin sont tout simplement somptueuses ! Orn\u00e9es de perles heishi, de coquillages naturels et de pampilles en acier dor\u00e9, elles apportent une touche de style &#8220;chic ethnique&#8221; \u00e0 n&#8217;importe quelle tenue.<\/p>","protected":false},"excerpt":{"rendered":"<p>Ces boucles cr\u00e9oles dor\u00e9es \u00e0 l&#8217;or fin sont tout simplement somptueuses ! Orn\u00e9es de perles heishi, de coquillages naturels et de pampilles en acier dor\u00e9, elles apportent une touche de style &#8220;chic ethnique&#8221; \u00e0 n&#8217;importe quelle tenue.<\/p>","protected":false},"featured_media":17649,"template":"","meta":[],"product_brand":[],"product_cat":[135,124,162,133],"product_tag":[],"class_list":{"0":"post-20504","1":"product","2":"type-product","3":"status-publish","4":"has-post-thumbnail","6":"product_cat-boucles","7":"product_cat-femme","8":"product_cat-pop","9":"product_cat-tous-les-bijoux","11":"first","12":"instock","13":"featured","14":"shipping-taxable","15":"purchasable","16":"product-type-variable","17":"has-default-attributes"},"_links":{"self":[{"href":"https:\/\/byagathebesse.com\/en\/wp-json\/wp\/v2\/product\/20504","targetHints":{"allow":["GET"]}}],"collection":[{"href":"https:\/\/byagathebesse.com\/en\/wp-json\/wp\/v2\/product"}],"about":[{"href":"https:\/\/byagathebesse.com\/en\/wp-json\/wp\/v2\/types\/product"}],"wp:featuredmedia":[{"embeddable":true,"href":"https:\/\/byagathebesse.com\/en\/wp-json\/wp\/v2\/media\/17649"}],"wp:attachment":[{"href":"https:\/\/byagathebesse.com\/en\/wp-json\/wp\/v2\/media?parent=20504"}],"wp:term":[{"taxonomy":"product_brand","embeddable":true,"href":"https:\/\/byagathebesse.com\/en\/wp-json\/wp\/v2\/product_brand?post=20504"},{"taxonomy":"product_cat","embeddable":true,"href":"https:\/\/byagathebesse.com\/en\/wp-json\/wp\/v2\/product_cat?post=20504"},{"taxonomy":"product_tag","embeddable":true,"href":"https:\/\/byagathebesse.com\/en\/wp-json\/wp\/v2\/product_tag?post=20504"}],"curies":[{"name":"wp","href":"https:\/\/api.w.org\/{rel}","templated":true}]}}