{"id":20510,"date":"2024-10-22T11:36:40","date_gmt":"2024-10-22T11:36:40","guid":{"rendered":"https:\/\/byagathebesse.com\/?post_type=product&#038;p=20510"},"modified":"2024-11-25T10:42:54","modified_gmt":"2024-11-25T10:42:54","slug":"boucles-celestine-2","status":"publish","type":"product","link":"https:\/\/byagathebesse.com\/en\/product\/boucles-celestine-2\/","title":{"rendered":"BOUCLES CELESTINE"},"content":{"rendered":"","protected":false},"excerpt":{"rendered":"<p>Ces boucles d&#8217;oreilles dor\u00e9es \u00e0 l&#8217;or fin, orn\u00e9es de petites perles naturelles, sont tout simplement envo\u00fbtantes ! Ses perles naturelles apportent une sensation de connexion avec la nature, tandis que l&#8217;or fin ajoute une \u00e9l\u00e9gance intemporelle.<\/p>","protected":false},"featured_media":17666,"template":"","meta":[],"product_brand":[],"product_cat":[135],"product_tag":[],"class_list":{"0":"post-20510","1":"product","2":"type-product","3":"status-publish","4":"has-post-thumbnail","6":"product_cat-boucles","8":"first","9":"instock","10":"shipping-taxable","11":"purchasable","12":"product-type-variable","13":"has-default-attributes"},"_links":{"self":[{"href":"https:\/\/byagathebesse.com\/en\/wp-json\/wp\/v2\/product\/20510","targetHints":{"allow":["GET"]}}],"collection":[{"href":"https:\/\/byagathebesse.com\/en\/wp-json\/wp\/v2\/product"}],"about":[{"href":"https:\/\/byagathebesse.com\/en\/wp-json\/wp\/v2\/types\/product"}],"wp:featuredmedia":[{"embeddable":true,"href":"https:\/\/byagathebesse.com\/en\/wp-json\/wp\/v2\/media\/17666"}],"wp:attachment":[{"href":"https:\/\/byagathebesse.com\/en\/wp-json\/wp\/v2\/media?parent=20510"}],"wp:term":[{"taxonomy":"product_brand","embeddable":true,"href":"https:\/\/byagathebesse.com\/en\/wp-json\/wp\/v2\/product_brand?post=20510"},{"taxonomy":"product_cat","embeddable":true,"href":"https:\/\/byagathebesse.com\/en\/wp-json\/wp\/v2\/product_cat?post=20510"},{"taxonomy":"product_tag","embeddable":true,"href":"https:\/\/byagathebesse.com\/en\/wp-json\/wp\/v2\/product_tag?post=20510"}],"curies":[{"name":"wp","href":"https:\/\/api.w.org\/{rel}","templated":true}]}}