{"id":20528,"date":"2024-10-22T11:36:47","date_gmt":"2024-10-22T11:36:47","guid":{"rendered":"https:\/\/byagathebesse.com\/?post_type=product&#038;p=20528"},"modified":"2024-11-25T06:23:43","modified_gmt":"2024-11-25T06:23:43","slug":"bracelet-marbella","status":"publish","type":"product","link":"https:\/\/byagathebesse.com\/en\/product\/bracelet-marbella\/","title":{"rendered":"BRACELET MARBELLA"},"content":{"rendered":"","protected":false},"excerpt":{"rendered":"<p>Le bracelet Marbella est compos\u00e9 d&#8217;une cha\u00eene fine et d&#8217;une pierre naturelle. En agate (pierre blanche et turquoise), en onyx (pierre noire) ou en cornaline (pierre Orange). Un choix d\u00e9licat et \u00e9l\u00e9gant pour une touche de sophistication \u00e0 votre poignet.<\/p>","protected":false},"featured_media":22683,"template":"","meta":[],"product_brand":[],"product_cat":[18,124,133],"product_tag":[],"class_list":{"0":"post-20528","1":"product","2":"type-product","3":"status-publish","4":"has-post-thumbnail","6":"product_cat-bracelets","7":"product_cat-femme","8":"product_cat-tous-les-bijoux","10":"first","11":"instock","12":"shipping-taxable","13":"purchasable","14":"product-type-variable","15":"has-default-attributes"},"_links":{"self":[{"href":"https:\/\/byagathebesse.com\/en\/wp-json\/wp\/v2\/product\/20528","targetHints":{"allow":["GET"]}}],"collection":[{"href":"https:\/\/byagathebesse.com\/en\/wp-json\/wp\/v2\/product"}],"about":[{"href":"https:\/\/byagathebesse.com\/en\/wp-json\/wp\/v2\/types\/product"}],"wp:featuredmedia":[{"embeddable":true,"href":"https:\/\/byagathebesse.com\/en\/wp-json\/wp\/v2\/media\/22683"}],"wp:attachment":[{"href":"https:\/\/byagathebesse.com\/en\/wp-json\/wp\/v2\/media?parent=20528"}],"wp:term":[{"taxonomy":"product_brand","embeddable":true,"href":"https:\/\/byagathebesse.com\/en\/wp-json\/wp\/v2\/product_brand?post=20528"},{"taxonomy":"product_cat","embeddable":true,"href":"https:\/\/byagathebesse.com\/en\/wp-json\/wp\/v2\/product_cat?post=20528"},{"taxonomy":"product_tag","embeddable":true,"href":"https:\/\/byagathebesse.com\/en\/wp-json\/wp\/v2\/product_tag?post=20528"}],"curies":[{"name":"wp","href":"https:\/\/api.w.org\/{rel}","templated":true}]}}