{"id":20538,"date":"2024-10-22T11:37:05","date_gmt":"2024-10-22T11:37:05","guid":{"rendered":"https:\/\/byagathebesse.com\/?post_type=product&#038;p=20538"},"modified":"2024-11-25T10:42:01","modified_gmt":"2024-11-25T10:42:01","slug":"bracelet-grand-marbella","status":"publish","type":"product","link":"https:\/\/byagathebesse.com\/en\/product\/bracelet-grand-marbella\/","title":{"rendered":"BRACELET GRAND MARBELLA"},"content":{"rendered":"","protected":false},"excerpt":{"rendered":"<p>Le bracelet Grand Marbella est orn\u00e9 de plusieurs pierres, dispos\u00e9es le long de la cha\u00eene afin de cr\u00e9er un effet visuel dynamique et color\u00e9. Ajustable grace une chaine de rajout, ce bracelet vous apportera la petite touche de sophistication que vous recherchez.<\/p>","protected":false},"featured_media":22678,"template":"","meta":[],"product_brand":[],"product_cat":[18,124],"product_tag":[],"class_list":{"0":"post-20538","1":"product","2":"type-product","3":"status-publish","4":"has-post-thumbnail","6":"product_cat-bracelets","7":"product_cat-femme","9":"first","10":"instock","11":"shipping-taxable","12":"purchasable","13":"product-type-variable","14":"has-default-attributes"},"_links":{"self":[{"href":"https:\/\/byagathebesse.com\/en\/wp-json\/wp\/v2\/product\/20538","targetHints":{"allow":["GET"]}}],"collection":[{"href":"https:\/\/byagathebesse.com\/en\/wp-json\/wp\/v2\/product"}],"about":[{"href":"https:\/\/byagathebesse.com\/en\/wp-json\/wp\/v2\/types\/product"}],"wp:featuredmedia":[{"embeddable":true,"href":"https:\/\/byagathebesse.com\/en\/wp-json\/wp\/v2\/media\/22678"}],"wp:attachment":[{"href":"https:\/\/byagathebesse.com\/en\/wp-json\/wp\/v2\/media?parent=20538"}],"wp:term":[{"taxonomy":"product_brand","embeddable":true,"href":"https:\/\/byagathebesse.com\/en\/wp-json\/wp\/v2\/product_brand?post=20538"},{"taxonomy":"product_cat","embeddable":true,"href":"https:\/\/byagathebesse.com\/en\/wp-json\/wp\/v2\/product_cat?post=20538"},{"taxonomy":"product_tag","embeddable":true,"href":"https:\/\/byagathebesse.com\/en\/wp-json\/wp\/v2\/product_tag?post=20538"}],"curies":[{"name":"wp","href":"https:\/\/api.w.org\/{rel}","templated":true}]}}