{"id":20547,"date":"2024-10-22T11:37:09","date_gmt":"2024-10-22T11:37:09","guid":{"rendered":"https:\/\/byagathebesse.com\/?post_type=product&#038;p=20547"},"modified":"2024-11-25T10:41:46","modified_gmt":"2024-11-25T10:41:46","slug":"bracelet-coquillage-dore","status":"publish","type":"product","link":"https:\/\/byagathebesse.com\/en\/product\/bracelet-coquillage-dore\/","title":{"rendered":"BRACELET COQUILLAGE DOR\u00c9"},"content":{"rendered":"","protected":false},"excerpt":{"rendered":"<p>Ce bracelet semble \u00eatre un v\u00e9ritable souvenir de vacances au bord de la mer ! Avec son charmant coquillage en acier inoxydable et sa cha\u00eene de rallonge, il offre non seulement un style estival et rafra\u00eechissant, mais aussi une grande adaptabilit\u00e9 pour convenir \u00e0 tous les poignets!<\/p>","protected":false},"featured_media":17712,"template":"","meta":[],"product_brand":[],"product_cat":[18,124,133],"product_tag":[],"class_list":{"0":"post-20547","1":"product","2":"type-product","3":"status-publish","4":"has-post-thumbnail","6":"product_cat-bracelets","7":"product_cat-femme","8":"product_cat-tous-les-bijoux","10":"first","11":"instock","12":"shipping-taxable","13":"purchasable","14":"product-type-variable","15":"has-default-attributes"},"_links":{"self":[{"href":"https:\/\/byagathebesse.com\/en\/wp-json\/wp\/v2\/product\/20547","targetHints":{"allow":["GET"]}}],"collection":[{"href":"https:\/\/byagathebesse.com\/en\/wp-json\/wp\/v2\/product"}],"about":[{"href":"https:\/\/byagathebesse.com\/en\/wp-json\/wp\/v2\/types\/product"}],"wp:featuredmedia":[{"embeddable":true,"href":"https:\/\/byagathebesse.com\/en\/wp-json\/wp\/v2\/media\/17712"}],"wp:attachment":[{"href":"https:\/\/byagathebesse.com\/en\/wp-json\/wp\/v2\/media?parent=20547"}],"wp:term":[{"taxonomy":"product_brand","embeddable":true,"href":"https:\/\/byagathebesse.com\/en\/wp-json\/wp\/v2\/product_brand?post=20547"},{"taxonomy":"product_cat","embeddable":true,"href":"https:\/\/byagathebesse.com\/en\/wp-json\/wp\/v2\/product_cat?post=20547"},{"taxonomy":"product_tag","embeddable":true,"href":"https:\/\/byagathebesse.com\/en\/wp-json\/wp\/v2\/product_tag?post=20547"}],"curies":[{"name":"wp","href":"https:\/\/api.w.org\/{rel}","templated":true}]}}