{"id":20556,"date":"2024-10-22T11:37:12","date_gmt":"2024-10-22T11:37:12","guid":{"rendered":"https:\/\/byagathebesse.com\/?post_type=product&#038;p=20556"},"modified":"2024-11-25T10:40:45","modified_gmt":"2024-11-25T10:40:45","slug":"bracelet-lagune","status":"publish","type":"product","link":"https:\/\/byagathebesse.com\/en\/product\/bracelet-lagune\/","title":{"rendered":"BRACELET LAGUNE"},"content":{"rendered":"","protected":false},"excerpt":{"rendered":"<p>Ce bracelet macram\u00e9 est un v\u00e9ritable joyau tropical ! Avec son motif de petit poisson, il \u00e9voque instantan\u00e9ment l&#8217;ambiance des plages exotiques. Le macram\u00e9 lui conf\u00e8re une texture artisanale et naturelle, renfor\u00e7ant ainsi son caractEre authentique.<\/p>","protected":false},"featured_media":17730,"template":"","meta":[],"product_brand":[],"product_cat":[18,124,133],"product_tag":[],"class_list":{"0":"post-20556","1":"product","2":"type-product","3":"status-publish","4":"has-post-thumbnail","6":"product_cat-bracelets","7":"product_cat-femme","8":"product_cat-tous-les-bijoux","10":"first","11":"instock","12":"shipping-taxable","13":"purchasable","14":"product-type-variable","15":"has-default-attributes"},"_links":{"self":[{"href":"https:\/\/byagathebesse.com\/en\/wp-json\/wp\/v2\/product\/20556","targetHints":{"allow":["GET"]}}],"collection":[{"href":"https:\/\/byagathebesse.com\/en\/wp-json\/wp\/v2\/product"}],"about":[{"href":"https:\/\/byagathebesse.com\/en\/wp-json\/wp\/v2\/types\/product"}],"wp:featuredmedia":[{"embeddable":true,"href":"https:\/\/byagathebesse.com\/en\/wp-json\/wp\/v2\/media\/17730"}],"wp:attachment":[{"href":"https:\/\/byagathebesse.com\/en\/wp-json\/wp\/v2\/media?parent=20556"}],"wp:term":[{"taxonomy":"product_brand","embeddable":true,"href":"https:\/\/byagathebesse.com\/en\/wp-json\/wp\/v2\/product_brand?post=20556"},{"taxonomy":"product_cat","embeddable":true,"href":"https:\/\/byagathebesse.com\/en\/wp-json\/wp\/v2\/product_cat?post=20556"},{"taxonomy":"product_tag","embeddable":true,"href":"https:\/\/byagathebesse.com\/en\/wp-json\/wp\/v2\/product_tag?post=20556"}],"curies":[{"name":"wp","href":"https:\/\/api.w.org\/{rel}","templated":true}]}}