{"id":20572,"date":"2024-10-22T11:37:32","date_gmt":"2024-10-22T11:37:32","guid":{"rendered":"https:\/\/byagathebesse.com\/?post_type=product&#038;p=20572"},"modified":"2024-11-25T10:39:47","modified_gmt":"2024-11-25T10:39:47","slug":"bracelet-bohemian","status":"publish","type":"product","link":"https:\/\/byagathebesse.com\/en\/product\/bracelet-bohemian\/","title":{"rendered":"BRACELET BOHEMIAN"},"content":{"rendered":"","protected":false},"excerpt":{"rendered":"<p>Bracelet en fil de coton-lurex, sur lequel sont mont\u00e9es diff\u00e9rentes petites pieces dor\u00e9e \u00e0 l&#8217;or fin. Id\u00e9al dans un mood &#8220;boh\u00e8me chic&#8221;.<\/p>","protected":false},"featured_media":17704,"template":"","meta":[],"product_brand":[],"product_cat":[18,124,133],"product_tag":[],"class_list":{"0":"post-20572","1":"product","2":"type-product","3":"status-publish","4":"has-post-thumbnail","6":"product_cat-bracelets","7":"product_cat-femme","8":"product_cat-tous-les-bijoux","10":"first","11":"instock","12":"shipping-taxable","13":"purchasable","14":"product-type-variable","15":"has-default-attributes"},"_links":{"self":[{"href":"https:\/\/byagathebesse.com\/en\/wp-json\/wp\/v2\/product\/20572","targetHints":{"allow":["GET"]}}],"collection":[{"href":"https:\/\/byagathebesse.com\/en\/wp-json\/wp\/v2\/product"}],"about":[{"href":"https:\/\/byagathebesse.com\/en\/wp-json\/wp\/v2\/types\/product"}],"wp:featuredmedia":[{"embeddable":true,"href":"https:\/\/byagathebesse.com\/en\/wp-json\/wp\/v2\/media\/17704"}],"wp:attachment":[{"href":"https:\/\/byagathebesse.com\/en\/wp-json\/wp\/v2\/media?parent=20572"}],"wp:term":[{"taxonomy":"product_brand","embeddable":true,"href":"https:\/\/byagathebesse.com\/en\/wp-json\/wp\/v2\/product_brand?post=20572"},{"taxonomy":"product_cat","embeddable":true,"href":"https:\/\/byagathebesse.com\/en\/wp-json\/wp\/v2\/product_cat?post=20572"},{"taxonomy":"product_tag","embeddable":true,"href":"https:\/\/byagathebesse.com\/en\/wp-json\/wp\/v2\/product_tag?post=20572"}],"curies":[{"name":"wp","href":"https:\/\/api.w.org\/{rel}","templated":true}]}}