{"id":20580,"date":"2024-10-22T11:37:35","date_gmt":"2024-10-22T11:37:35","guid":{"rendered":"https:\/\/byagathebesse.com\/?post_type=product&#038;p=20580"},"modified":"2024-11-25T10:39:18","modified_gmt":"2024-11-25T10:39:18","slug":"bracelet-trio-perles","status":"publish","type":"product","link":"https:\/\/byagathebesse.com\/en\/product\/bracelet-trio-perles\/","title":{"rendered":"BRACELET TRIO perles"},"content":{"rendered":"","protected":false},"excerpt":{"rendered":"<p>L&#8217;ensemble de trois bracelets vous permet d&#8217;additionner les bracelets pour cr\u00e9er un look tendance et personnalis\u00e9. Vous pouvez les porter ensemble pour un effet maximaliste ou s\u00e9parement pour un look plus d\u00e9licat.<\/p>","protected":false},"featured_media":21281,"template":"","meta":[],"product_brand":[],"product_cat":[18,157,124,133],"product_tag":[],"class_list":{"0":"post-20580","1":"product","2":"type-product","3":"status-publish","4":"has-post-thumbnail","6":"product_cat-bracelets","7":"product_cat-brazil","8":"product_cat-femme","9":"product_cat-tous-les-bijoux","11":"first","12":"instock","13":"shipping-taxable","14":"purchasable","15":"product-type-variable","16":"has-default-attributes"},"_links":{"self":[{"href":"https:\/\/byagathebesse.com\/en\/wp-json\/wp\/v2\/product\/20580","targetHints":{"allow":["GET"]}}],"collection":[{"href":"https:\/\/byagathebesse.com\/en\/wp-json\/wp\/v2\/product"}],"about":[{"href":"https:\/\/byagathebesse.com\/en\/wp-json\/wp\/v2\/types\/product"}],"wp:featuredmedia":[{"embeddable":true,"href":"https:\/\/byagathebesse.com\/en\/wp-json\/wp\/v2\/media\/21281"}],"wp:attachment":[{"href":"https:\/\/byagathebesse.com\/en\/wp-json\/wp\/v2\/media?parent=20580"}],"wp:term":[{"taxonomy":"product_brand","embeddable":true,"href":"https:\/\/byagathebesse.com\/en\/wp-json\/wp\/v2\/product_brand?post=20580"},{"taxonomy":"product_cat","embeddable":true,"href":"https:\/\/byagathebesse.com\/en\/wp-json\/wp\/v2\/product_cat?post=20580"},{"taxonomy":"product_tag","embeddable":true,"href":"https:\/\/byagathebesse.com\/en\/wp-json\/wp\/v2\/product_tag?post=20580"}],"curies":[{"name":"wp","href":"https:\/\/api.w.org\/{rel}","templated":true}]}}