{"id":20608,"date":"2024-10-22T11:37:59","date_gmt":"2024-10-22T11:37:59","guid":{"rendered":"https:\/\/byagathebesse.com\/?post_type=product&#038;p=20608"},"modified":"2024-11-25T10:23:15","modified_gmt":"2024-11-25T10:23:15","slug":"bracelet-gipsy","status":"publish","type":"product","link":"https:\/\/byagathebesse.com\/en\/product\/bracelet-gipsy\/","title":{"rendered":"BRACELET GIPSY"},"content":{"rendered":"","protected":false},"excerpt":{"rendered":"<p>Magnifique bracelet parsem\u00e9 de perles en cristal, \u00e0 porter seul ou avec d&#8217;autres bracelets. Pour ajouter une touche d&#8217;\u00e9l\u00e9gance et de sophistication \u00e0 l&#8217;esth\u00e9tique bohEme.<\/p>","protected":false},"featured_media":17725,"template":"","meta":[],"product_brand":[],"product_cat":[18,124,133],"product_tag":[],"class_list":{"0":"post-20608","1":"product","2":"type-product","3":"status-publish","4":"has-post-thumbnail","6":"product_cat-bracelets","7":"product_cat-femme","8":"product_cat-tous-les-bijoux","10":"first","11":"instock","12":"shipping-taxable","13":"purchasable","14":"product-type-variable","15":"has-default-attributes"},"_links":{"self":[{"href":"https:\/\/byagathebesse.com\/en\/wp-json\/wp\/v2\/product\/20608","targetHints":{"allow":["GET"]}}],"collection":[{"href":"https:\/\/byagathebesse.com\/en\/wp-json\/wp\/v2\/product"}],"about":[{"href":"https:\/\/byagathebesse.com\/en\/wp-json\/wp\/v2\/types\/product"}],"wp:featuredmedia":[{"embeddable":true,"href":"https:\/\/byagathebesse.com\/en\/wp-json\/wp\/v2\/media\/17725"}],"wp:attachment":[{"href":"https:\/\/byagathebesse.com\/en\/wp-json\/wp\/v2\/media?parent=20608"}],"wp:term":[{"taxonomy":"product_brand","embeddable":true,"href":"https:\/\/byagathebesse.com\/en\/wp-json\/wp\/v2\/product_brand?post=20608"},{"taxonomy":"product_cat","embeddable":true,"href":"https:\/\/byagathebesse.com\/en\/wp-json\/wp\/v2\/product_cat?post=20608"},{"taxonomy":"product_tag","embeddable":true,"href":"https:\/\/byagathebesse.com\/en\/wp-json\/wp\/v2\/product_tag?post=20608"}],"curies":[{"name":"wp","href":"https:\/\/api.w.org\/{rel}","templated":true}]}}