{"id":20612,"date":"2024-10-22T11:38:00","date_gmt":"2024-10-22T11:38:00","guid":{"rendered":"https:\/\/byagathebesse.com\/?post_type=product&#038;p=20612"},"modified":"2024-11-25T10:23:07","modified_gmt":"2024-11-25T10:23:07","slug":"bracelet-ibiza","status":"publish","type":"product","link":"https:\/\/byagathebesse.com\/en\/product\/bracelet-ibiza\/","title":{"rendered":"BRACELET IBIZA"},"content":{"rendered":"","protected":false},"excerpt":{"rendered":"<p>Bracelet sur un cordon en lurex agr\u00e9ment\u00e9 de petites perles en amethyste ou en agate. Le c\u00f4t\u00e9 &#8220;boheme chic&#8221; du jour.<\/p>","protected":false},"featured_media":17726,"template":"","meta":[],"product_brand":[],"product_cat":[18,124,133],"product_tag":[],"class_list":{"0":"post-20612","1":"product","2":"type-product","3":"status-publish","4":"has-post-thumbnail","6":"product_cat-bracelets","7":"product_cat-femme","8":"product_cat-tous-les-bijoux","10":"first","11":"instock","12":"shipping-taxable","13":"purchasable","14":"product-type-variable","15":"has-default-attributes"},"_links":{"self":[{"href":"https:\/\/byagathebesse.com\/en\/wp-json\/wp\/v2\/product\/20612","targetHints":{"allow":["GET"]}}],"collection":[{"href":"https:\/\/byagathebesse.com\/en\/wp-json\/wp\/v2\/product"}],"about":[{"href":"https:\/\/byagathebesse.com\/en\/wp-json\/wp\/v2\/types\/product"}],"wp:featuredmedia":[{"embeddable":true,"href":"https:\/\/byagathebesse.com\/en\/wp-json\/wp\/v2\/media\/17726"}],"wp:attachment":[{"href":"https:\/\/byagathebesse.com\/en\/wp-json\/wp\/v2\/media?parent=20612"}],"wp:term":[{"taxonomy":"product_brand","embeddable":true,"href":"https:\/\/byagathebesse.com\/en\/wp-json\/wp\/v2\/product_brand?post=20612"},{"taxonomy":"product_cat","embeddable":true,"href":"https:\/\/byagathebesse.com\/en\/wp-json\/wp\/v2\/product_cat?post=20612"},{"taxonomy":"product_tag","embeddable":true,"href":"https:\/\/byagathebesse.com\/en\/wp-json\/wp\/v2\/product_tag?post=20612"}],"curies":[{"name":"wp","href":"https:\/\/api.w.org\/{rel}","templated":true}]}}