{"id":20616,"date":"2024-10-22T11:38:02","date_gmt":"2024-10-22T11:38:02","guid":{"rendered":"https:\/\/byagathebesse.com\/?post_type=product&#038;p=20616"},"modified":"2024-11-25T10:22:53","modified_gmt":"2024-11-25T10:22:53","slug":"bracelet-laurier","status":"publish","type":"product","link":"https:\/\/byagathebesse.com\/en\/product\/bracelet-laurier\/","title":{"rendered":"BRACELET LAURIER"},"content":{"rendered":"","protected":false},"excerpt":{"rendered":"<p>Les magnifiques petits lauriers jonchant ce bracelet-chaine en acier apporteront la touche de sophistication et d&#8217;\u00e9l\u00e9gance \u00e0 votre look.<\/p>","protected":false},"featured_media":21276,"template":"","meta":[],"product_brand":[],"product_cat":[18,124,133],"product_tag":[],"class_list":{"0":"post-20616","1":"product","2":"type-product","3":"status-publish","4":"has-post-thumbnail","6":"product_cat-bracelets","7":"product_cat-femme","8":"product_cat-tous-les-bijoux","10":"first","11":"instock","12":"shipping-taxable","13":"purchasable","14":"product-type-variable","15":"has-default-attributes"},"_links":{"self":[{"href":"https:\/\/byagathebesse.com\/en\/wp-json\/wp\/v2\/product\/20616","targetHints":{"allow":["GET"]}}],"collection":[{"href":"https:\/\/byagathebesse.com\/en\/wp-json\/wp\/v2\/product"}],"about":[{"href":"https:\/\/byagathebesse.com\/en\/wp-json\/wp\/v2\/types\/product"}],"wp:featuredmedia":[{"embeddable":true,"href":"https:\/\/byagathebesse.com\/en\/wp-json\/wp\/v2\/media\/21276"}],"wp:attachment":[{"href":"https:\/\/byagathebesse.com\/en\/wp-json\/wp\/v2\/media?parent=20616"}],"wp:term":[{"taxonomy":"product_brand","embeddable":true,"href":"https:\/\/byagathebesse.com\/en\/wp-json\/wp\/v2\/product_brand?post=20616"},{"taxonomy":"product_cat","embeddable":true,"href":"https:\/\/byagathebesse.com\/en\/wp-json\/wp\/v2\/product_cat?post=20616"},{"taxonomy":"product_tag","embeddable":true,"href":"https:\/\/byagathebesse.com\/en\/wp-json\/wp\/v2\/product_tag?post=20616"}],"curies":[{"name":"wp","href":"https:\/\/api.w.org\/{rel}","templated":true}]}}