{"id":20620,"date":"2024-10-22T11:38:03","date_gmt":"2024-10-22T11:38:03","guid":{"rendered":"https:\/\/byagathebesse.com\/?post_type=product&#038;p=20620"},"modified":"2024-11-25T10:22:42","modified_gmt":"2024-11-25T10:22:42","slug":"bracelet-loulou","status":"publish","type":"product","link":"https:\/\/byagathebesse.com\/en\/product\/bracelet-loulou\/","title":{"rendered":"BRACELET LOULOU"},"content":{"rendered":"","protected":false},"excerpt":{"rendered":"<p>Une fine chaine parsem\u00e9e de perles emailll\u00e9es. Pour les occasions sp\u00e9ciales ou pour une \u00e9l\u00e9gance au quotidien.<\/p>","protected":false},"featured_media":17731,"template":"","meta":[],"product_brand":[],"product_cat":[18,124,133],"product_tag":[],"class_list":{"0":"post-20620","1":"product","2":"type-product","3":"status-publish","4":"has-post-thumbnail","6":"product_cat-bracelets","7":"product_cat-femme","8":"product_cat-tous-les-bijoux","10":"first","11":"instock","12":"featured","13":"shipping-taxable","14":"purchasable","15":"product-type-variable","16":"has-default-attributes"},"_links":{"self":[{"href":"https:\/\/byagathebesse.com\/en\/wp-json\/wp\/v2\/product\/20620","targetHints":{"allow":["GET"]}}],"collection":[{"href":"https:\/\/byagathebesse.com\/en\/wp-json\/wp\/v2\/product"}],"about":[{"href":"https:\/\/byagathebesse.com\/en\/wp-json\/wp\/v2\/types\/product"}],"wp:featuredmedia":[{"embeddable":true,"href":"https:\/\/byagathebesse.com\/en\/wp-json\/wp\/v2\/media\/17731"}],"wp:attachment":[{"href":"https:\/\/byagathebesse.com\/en\/wp-json\/wp\/v2\/media?parent=20620"}],"wp:term":[{"taxonomy":"product_brand","embeddable":true,"href":"https:\/\/byagathebesse.com\/en\/wp-json\/wp\/v2\/product_brand?post=20620"},{"taxonomy":"product_cat","embeddable":true,"href":"https:\/\/byagathebesse.com\/en\/wp-json\/wp\/v2\/product_cat?post=20620"},{"taxonomy":"product_tag","embeddable":true,"href":"https:\/\/byagathebesse.com\/en\/wp-json\/wp\/v2\/product_tag?post=20620"}],"curies":[{"name":"wp","href":"https:\/\/api.w.org\/{rel}","templated":true}]}}