{"id":20623,"date":"2024-10-22T11:38:04","date_gmt":"2024-10-22T11:38:04","guid":{"rendered":"https:\/\/byagathebesse.com\/?post_type=product&#038;p=20623"},"modified":"2024-11-25T10:22:34","modified_gmt":"2024-11-25T10:22:34","slug":"bracelet-love","status":"publish","type":"product","link":"https:\/\/byagathebesse.com\/en\/product\/bracelet-love\/","title":{"rendered":"BRACELET LOVE"},"content":{"rendered":"","protected":false},"excerpt":{"rendered":"<p>Associ\u00e9 \u00e0 d&#8217;autres bracelets de nos collections, il s&#8217;adaptera parfaitement \u00e0 tous les styles, \u00e9l\u00e9gant ou pl\u00fbtot bohEme, cr\u00e9ez votre &#8220;&#8221;mix and match&#8221;&#8221; parfait !<\/p>","protected":false},"featured_media":21274,"template":"","meta":[],"product_brand":[],"product_cat":[18,124,133],"product_tag":[],"class_list":{"0":"post-20623","1":"product","2":"type-product","3":"status-publish","4":"has-post-thumbnail","6":"product_cat-bracelets","7":"product_cat-femme","8":"product_cat-tous-les-bijoux","10":"first","11":"instock","12":"shipping-taxable","13":"purchasable","14":"product-type-variable","15":"has-default-attributes"},"_links":{"self":[{"href":"https:\/\/byagathebesse.com\/en\/wp-json\/wp\/v2\/product\/20623","targetHints":{"allow":["GET"]}}],"collection":[{"href":"https:\/\/byagathebesse.com\/en\/wp-json\/wp\/v2\/product"}],"about":[{"href":"https:\/\/byagathebesse.com\/en\/wp-json\/wp\/v2\/types\/product"}],"wp:featuredmedia":[{"embeddable":true,"href":"https:\/\/byagathebesse.com\/en\/wp-json\/wp\/v2\/media\/21274"}],"wp:attachment":[{"href":"https:\/\/byagathebesse.com\/en\/wp-json\/wp\/v2\/media?parent=20623"}],"wp:term":[{"taxonomy":"product_brand","embeddable":true,"href":"https:\/\/byagathebesse.com\/en\/wp-json\/wp\/v2\/product_brand?post=20623"},{"taxonomy":"product_cat","embeddable":true,"href":"https:\/\/byagathebesse.com\/en\/wp-json\/wp\/v2\/product_cat?post=20623"},{"taxonomy":"product_tag","embeddable":true,"href":"https:\/\/byagathebesse.com\/en\/wp-json\/wp\/v2\/product_tag?post=20623"}],"curies":[{"name":"wp","href":"https:\/\/api.w.org\/{rel}","templated":true}]}}