{"id":20687,"date":"2024-10-22T11:39:09","date_gmt":"2024-10-22T11:39:09","guid":{"rendered":"https:\/\/byagathebesse.com\/?post_type=product&#038;p=20687"},"modified":"2024-11-25T10:10:55","modified_gmt":"2024-11-25T10:10:55","slug":"collier-bohemian","status":"publish","type":"product","link":"https:\/\/byagathebesse.com\/en\/product\/collier-bohemian\/","title":{"rendered":"COLLIER BOHEMIAN"},"content":{"rendered":"","protected":false},"excerpt":{"rendered":"<p>Le bohemian chic !!!!! Ce collier compos\u00e9 d&#8217;un cordon en coton et lurex est jonch\u00e9 de petits pendentifs dor\u00e9s \u00e0 l&#8217;or fin. Osez la superposition avec d&#8217;autres colliers ou sautoirs de nos collections pour un total look boh\u00e8me.<\/p>","protected":false},"featured_media":17764,"template":"","meta":[],"product_brand":[],"product_cat":[157,134,124,133],"product_tag":[],"class_list":{"0":"post-20687","1":"product","2":"type-product","3":"status-publish","4":"has-post-thumbnail","6":"product_cat-brazil","7":"product_cat-colliers","8":"product_cat-femme","9":"product_cat-tous-les-bijoux","11":"first","12":"instock","13":"shipping-taxable","14":"purchasable","15":"product-type-variable","16":"has-default-attributes"},"_links":{"self":[{"href":"https:\/\/byagathebesse.com\/en\/wp-json\/wp\/v2\/product\/20687","targetHints":{"allow":["GET"]}}],"collection":[{"href":"https:\/\/byagathebesse.com\/en\/wp-json\/wp\/v2\/product"}],"about":[{"href":"https:\/\/byagathebesse.com\/en\/wp-json\/wp\/v2\/types\/product"}],"wp:featuredmedia":[{"embeddable":true,"href":"https:\/\/byagathebesse.com\/en\/wp-json\/wp\/v2\/media\/17764"}],"wp:attachment":[{"href":"https:\/\/byagathebesse.com\/en\/wp-json\/wp\/v2\/media?parent=20687"}],"wp:term":[{"taxonomy":"product_brand","embeddable":true,"href":"https:\/\/byagathebesse.com\/en\/wp-json\/wp\/v2\/product_brand?post=20687"},{"taxonomy":"product_cat","embeddable":true,"href":"https:\/\/byagathebesse.com\/en\/wp-json\/wp\/v2\/product_cat?post=20687"},{"taxonomy":"product_tag","embeddable":true,"href":"https:\/\/byagathebesse.com\/en\/wp-json\/wp\/v2\/product_tag?post=20687"}],"curies":[{"name":"wp","href":"https:\/\/api.w.org\/{rel}","templated":true}]}}