{"id":20710,"date":"2024-10-22T11:39:17","date_gmt":"2024-10-22T11:39:17","guid":{"rendered":"https:\/\/byagathebesse.com\/?post_type=product&#038;p=20710"},"modified":"2024-11-25T10:09:54","modified_gmt":"2024-11-25T10:09:54","slug":"collier-aruba","status":"publish","type":"product","link":"https:\/\/byagathebesse.com\/en\/product\/collier-aruba\/","title":{"rendered":"COLLIER ARUBA"},"content":{"rendered":"","protected":false},"excerpt":{"rendered":"<p>Collier original et \u00e9l\u00e9gant, compos\u00e9 de perles heishi, de perles de pierres naturelles, en onyx (noir), agate (beige ou turquoise), pierre de lune (blanc) et d&#8217;une pampille dor\u00e9e<\/p>","protected":false},"featured_media":17759,"template":"","meta":[],"product_brand":[],"product_cat":[156,134,124,133],"product_tag":[],"class_list":{"0":"post-20710","1":"product","2":"type-product","3":"status-publish","4":"has-post-thumbnail","6":"product_cat-arizona_dream","7":"product_cat-colliers","8":"product_cat-femme","9":"product_cat-tous-les-bijoux","11":"first","12":"instock","13":"shipping-taxable","14":"purchasable","15":"product-type-variable","16":"has-default-attributes"},"_links":{"self":[{"href":"https:\/\/byagathebesse.com\/en\/wp-json\/wp\/v2\/product\/20710","targetHints":{"allow":["GET"]}}],"collection":[{"href":"https:\/\/byagathebesse.com\/en\/wp-json\/wp\/v2\/product"}],"about":[{"href":"https:\/\/byagathebesse.com\/en\/wp-json\/wp\/v2\/types\/product"}],"wp:featuredmedia":[{"embeddable":true,"href":"https:\/\/byagathebesse.com\/en\/wp-json\/wp\/v2\/media\/17759"}],"wp:attachment":[{"href":"https:\/\/byagathebesse.com\/en\/wp-json\/wp\/v2\/media?parent=20710"}],"wp:term":[{"taxonomy":"product_brand","embeddable":true,"href":"https:\/\/byagathebesse.com\/en\/wp-json\/wp\/v2\/product_brand?post=20710"},{"taxonomy":"product_cat","embeddable":true,"href":"https:\/\/byagathebesse.com\/en\/wp-json\/wp\/v2\/product_cat?post=20710"},{"taxonomy":"product_tag","embeddable":true,"href":"https:\/\/byagathebesse.com\/en\/wp-json\/wp\/v2\/product_tag?post=20710"}],"curies":[{"name":"wp","href":"https:\/\/api.w.org\/{rel}","templated":true}]}}