{"id":20719,"date":"2024-10-22T11:39:34","date_gmt":"2024-10-22T11:39:34","guid":{"rendered":"https:\/\/byagathebesse.com\/?post_type=product&#038;p=20719"},"modified":"2024-11-25T10:09:39","modified_gmt":"2024-11-25T10:09:39","slug":"collier-ibiza","status":"publish","type":"product","link":"https:\/\/byagathebesse.com\/en\/product\/collier-ibiza\/","title":{"rendered":"COLLIER IBIZA"},"content":{"rendered":"","protected":false},"excerpt":{"rendered":"<p>Collier compos\u00e9 de fines perles en cristal et d&#8217;une pampille en metal dor\u00e9 \u00e0 l&#8217;or fin et martel\u00e9e. Accessoire \u00e9l\u00e9gant et raffin\u00e9. Les perles en cristal apportent une brillance subtile et une touche de glamour.<\/p>","protected":false},"featured_media":17776,"template":"","meta":[],"product_brand":[],"product_cat":[157,134,124,133],"product_tag":[],"class_list":{"0":"post-20719","1":"product","2":"type-product","3":"status-publish","4":"has-post-thumbnail","6":"product_cat-brazil","7":"product_cat-colliers","8":"product_cat-femme","9":"product_cat-tous-les-bijoux","11":"first","12":"instock","13":"shipping-taxable","14":"purchasable","15":"product-type-variable","16":"has-default-attributes"},"_links":{"self":[{"href":"https:\/\/byagathebesse.com\/en\/wp-json\/wp\/v2\/product\/20719","targetHints":{"allow":["GET"]}}],"collection":[{"href":"https:\/\/byagathebesse.com\/en\/wp-json\/wp\/v2\/product"}],"about":[{"href":"https:\/\/byagathebesse.com\/en\/wp-json\/wp\/v2\/types\/product"}],"wp:featuredmedia":[{"embeddable":true,"href":"https:\/\/byagathebesse.com\/en\/wp-json\/wp\/v2\/media\/17776"}],"wp:attachment":[{"href":"https:\/\/byagathebesse.com\/en\/wp-json\/wp\/v2\/media?parent=20719"}],"wp:term":[{"taxonomy":"product_brand","embeddable":true,"href":"https:\/\/byagathebesse.com\/en\/wp-json\/wp\/v2\/product_brand?post=20719"},{"taxonomy":"product_cat","embeddable":true,"href":"https:\/\/byagathebesse.com\/en\/wp-json\/wp\/v2\/product_cat?post=20719"},{"taxonomy":"product_tag","embeddable":true,"href":"https:\/\/byagathebesse.com\/en\/wp-json\/wp\/v2\/product_tag?post=20719"}],"curies":[{"name":"wp","href":"https:\/\/api.w.org\/{rel}","templated":true}]}}