{"id":21763,"date":"2024-11-19T21:52:01","date_gmt":"2024-11-19T21:52:01","guid":{"rendered":"https:\/\/byagathebesse.com\/?post_type=product&#038;p=21763"},"modified":"2024-11-25T09:25:18","modified_gmt":"2024-11-25T09:25:18","slug":"collier-solaris","status":"publish","type":"product","link":"https:\/\/byagathebesse.com\/en\/product\/collier-solaris\/","title":{"rendered":"COLLIER SOLARIS"},"content":{"rendered":"","protected":false},"excerpt":{"rendered":"<p><span data-sheets-root=\"1\">Collier dor\u00e9 orn\u00e9 de trois arabesques. El\u00e9gant et sophistiqu\u00e9, il sera votre pi\u00e8ce maitresse du jour. Si vous souhaitez le total look, completez la parure avec les boucles d&#8217;oreilles assorties.<\/span><\/p>","protected":false},"featured_media":21765,"template":"","meta":[],"product_brand":[],"product_cat":[134,124],"product_tag":[],"class_list":{"0":"post-21763","1":"product","2":"type-product","3":"status-publish","4":"has-post-thumbnail","6":"product_cat-colliers","7":"product_cat-femme","9":"first","10":"instock","11":"shipping-taxable","12":"purchasable","13":"product-type-variable","14":"has-default-attributes"},"_links":{"self":[{"href":"https:\/\/byagathebesse.com\/en\/wp-json\/wp\/v2\/product\/21763","targetHints":{"allow":["GET"]}}],"collection":[{"href":"https:\/\/byagathebesse.com\/en\/wp-json\/wp\/v2\/product"}],"about":[{"href":"https:\/\/byagathebesse.com\/en\/wp-json\/wp\/v2\/types\/product"}],"wp:featuredmedia":[{"embeddable":true,"href":"https:\/\/byagathebesse.com\/en\/wp-json\/wp\/v2\/media\/21765"}],"wp:attachment":[{"href":"https:\/\/byagathebesse.com\/en\/wp-json\/wp\/v2\/media?parent=21763"}],"wp:term":[{"taxonomy":"product_brand","embeddable":true,"href":"https:\/\/byagathebesse.com\/en\/wp-json\/wp\/v2\/product_brand?post=21763"},{"taxonomy":"product_cat","embeddable":true,"href":"https:\/\/byagathebesse.com\/en\/wp-json\/wp\/v2\/product_cat?post=21763"},{"taxonomy":"product_tag","embeddable":true,"href":"https:\/\/byagathebesse.com\/en\/wp-json\/wp\/v2\/product_tag?post=21763"}],"curies":[{"name":"wp","href":"https:\/\/api.w.org\/{rel}","templated":true}]}}