{"id":21772,"date":"2024-11-19T22:47:36","date_gmt":"2024-11-19T22:47:36","guid":{"rendered":"https:\/\/byagathebesse.com\/?post_type=product&#038;p=21772"},"modified":"2025-12-15T11:57:40","modified_gmt":"2025-12-15T11:57:40","slug":"boucles-mariposa","status":"publish","type":"product","link":"https:\/\/byagathebesse.com\/en\/product\/boucles-mariposa\/","title":{"rendered":"BOUCLES MARIPOSA"},"content":{"rendered":"","protected":false},"excerpt":{"rendered":"<p><span data-sheets-root=\"1\">Ces boucles d&#8217;oreilles sont absolument charmantes ! La d\u00e9licatesse du papillon associ\u00e9e \u00e0 la brillance subtile de la pierre de cristal de Boh\u00e8me promet d&#8217;ajouter une touche de gr\u00e2ce \u00e0 n&#8217;importe quel ensemble.<\/span><\/p>","protected":false},"featured_media":21774,"template":"","meta":[],"product_brand":[],"product_cat":[135,124,133],"product_tag":[],"class_list":{"0":"post-21772","1":"product","2":"type-product","3":"status-publish","4":"has-post-thumbnail","6":"product_cat-boucles","7":"product_cat-femme","8":"product_cat-tous-les-bijoux","10":"first","11":"instock","12":"featured","13":"shipping-taxable","14":"purchasable","15":"product-type-variable","16":"has-default-attributes"},"_links":{"self":[{"href":"https:\/\/byagathebesse.com\/en\/wp-json\/wp\/v2\/product\/21772","targetHints":{"allow":["GET"]}}],"collection":[{"href":"https:\/\/byagathebesse.com\/en\/wp-json\/wp\/v2\/product"}],"about":[{"href":"https:\/\/byagathebesse.com\/en\/wp-json\/wp\/v2\/types\/product"}],"wp:featuredmedia":[{"embeddable":true,"href":"https:\/\/byagathebesse.com\/en\/wp-json\/wp\/v2\/media\/21774"}],"wp:attachment":[{"href":"https:\/\/byagathebesse.com\/en\/wp-json\/wp\/v2\/media?parent=21772"}],"wp:term":[{"taxonomy":"product_brand","embeddable":true,"href":"https:\/\/byagathebesse.com\/en\/wp-json\/wp\/v2\/product_brand?post=21772"},{"taxonomy":"product_cat","embeddable":true,"href":"https:\/\/byagathebesse.com\/en\/wp-json\/wp\/v2\/product_cat?post=21772"},{"taxonomy":"product_tag","embeddable":true,"href":"https:\/\/byagathebesse.com\/en\/wp-json\/wp\/v2\/product_tag?post=21772"}],"curies":[{"name":"wp","href":"https:\/\/api.w.org\/{rel}","templated":true}]}}